{"id":10003775,"date":"2018-11-14T05:02:49","date_gmt":"2018-11-14T05:02:49","guid":{"rendered":"https:\/\/estilosdevida.com\/magazine\/"},"modified":"2018-11-14T05:02:49","modified_gmt":"2018-11-14T05:02:49","slug":"magazine","status":"publish","type":"page","link":"https:\/\/estilosdevida.com\/en\/magazine\/","title":{"rendered":"The Magazine"},"content":{"rendered":"<p style=\"text-align: justify;\">Glamorous &amp; sophisticated,\u00a0Punta del Este &#8211; The Lifestyle Magazine\u00a0is a premiere lifestyles publication presented in a maximum-quality format and published only once a year at the most iconic destination in Latin America.<\/p>\n<p style=\"text-align: justify;\">The magazine provides an innovative coverage of the hi-style living and our contemporary culture: Fashion, Architecture &amp; Design, Beauty, Jewelry &amp; Luxury Goods, Entertainment, Travel &amp; Resorts, Driving, Socialites &amp; the Social Scene and much more in every issue. A coffee table must. In Punta del Este since 1997.<\/p>\n<p style=\"text-align: justify;\">Glamorosa y sofisticada,\u00a0Punta del Este &#8211; La Revista de Estilos de Vida\u00a0es una publicaci\u00f3n exclusiva con formato de m\u00e1xima calidad que se publica solo una vez al a\u00f1o en el destino m\u00e1s reconocido de Am\u00e9rica Latina.<\/p>\n<p style=\"text-align: justify;\">La revista ofrece una cobertura diferente del buen vivir, el arte, nuestra cultura contempor\u00e1nea: Moda, Dise\u00f1o, Belleza, Joyas &amp; Productos de Lujo, Espect\u00e1culos, Viajes y Destinos, Conducir, Eventos y Sociales, y mucho m\u00e1s en cada edici\u00f3n. Una publicaci\u00f3n convertida en objeto de colecci\u00f3n. En Punta del Este desde 1997.<\/p>\n<p><img decoding=\"async\" src=\"https:\/\/estilosdevida.com\/wp-content\/uploads\/2020\/01\/magazine.jpg\"><\/p>\n<p><a href=\"https:\/\/www.puntamagazine.com\/onlinemagazine\/\">CLICK TO OPEN<\/a><\/p>\n","protected":false},"excerpt":{"rendered":"<p>Glamorous &amp; sophisticated,\u00a0Punta del Este &#8211; The Lifestyle Magazine\u00a0is a premiere lifestyles publication presented in a maximum-quality format and published only once a year at the most iconic destination in Latin America. The magazine provides an innovative coverage of the hi-style living and our contemporary culture: Fashion, Architecture &amp; Design, Beauty, Jewelry &amp; Luxury Goods, Entertainment, Travel &amp; Resorts, Driving, Socialites &amp; the Social Scene and much more in every issue. A coffee table must. In Punta del Este since [&hellip;]<\/p>\n","protected":false},"author":1,"featured_media":0,"parent":0,"menu_order":0,"comment_status":"closed","ping_status":"closed","template":"","meta":[],"_links":{"self":[{"href":"https:\/\/estilosdevida.com\/en\/wp-json\/wp\/v2\/pages\/10003775"}],"collection":[{"href":"https:\/\/estilosdevida.com\/en\/wp-json\/wp\/v2\/pages"}],"about":[{"href":"https:\/\/estilosdevida.com\/en\/wp-json\/wp\/v2\/types\/page"}],"author":[{"embeddable":true,"href":"https:\/\/estilosdevida.com\/en\/wp-json\/wp\/v2\/users\/1"}],"replies":[{"embeddable":true,"href":"https:\/\/estilosdevida.com\/en\/wp-json\/wp\/v2\/comments?post=10003775"}],"version-history":[{"count":0,"href":"https:\/\/estilosdevida.com\/en\/wp-json\/wp\/v2\/pages\/10003775\/revisions"}],"wp:attachment":[{"href":"https:\/\/estilosdevida.com\/en\/wp-json\/wp\/v2\/media?parent=10003775"}],"curies":[{"name":"wp","href":"https:\/\/api.w.org\/{rel}","templated":true}]}}